{"id":41,"date":"2024-04-23T19:40:29","date_gmt":"2024-04-23T19:40:29","guid":{"rendered":"https:\/\/kfv-zeiningen.ch.gracchus.sui-inter.net\/?page_id=41"},"modified":"2024-04-23T20:27:46","modified_gmt":"2024-04-23T20:27:46","slug":"der-verein","status":"publish","type":"page","link":"https:\/\/kfv-zeiningen.ch\/?page_id=41","title":{"rendered":"Der Verein"},"content":{"rendered":"\n<p>F\u00f6rderung und Unterst\u00fctzung kultureller und gesellschaftlicher Projekte in Zeiningen.<\/p>\n","protected":false},"excerpt":{"rendered":"<p>F\u00f6rderung und Unterst\u00fctzung kultureller und gesellschaftlicher Projekte in Zeiningen.<\/p>\n","protected":false},"author":1,"featured_media":0,"parent":0,"menu_order":0,"comment_status":"closed","ping_status":"closed","template":"","meta":{"footnotes":""},"class_list":["post-41","page","type-page","status-publish","hentry"],"yoast_head":"<!-- This site is optimized with the Yoast SEO plugin v22.5 - https:\/\/yoast.com\/wordpress\/plugins\/seo\/ -->\n<title>Der Verein - Kulturf\u00f6rderverein Zeiningen<\/title>\n<meta name=\"robots\" content=\"index, follow, max-snippet:-1, max-image-preview:large, max-video-preview:-1\" \/>\n<link rel=\"canonical\" href=\"https:\/\/kfv-zeiningen.ch\/?page_id=41\" \/>\n<meta property=\"og:locale\" content=\"de_DE\" \/>\n<meta property=\"og:type\" content=\"article\" \/>\n<meta property=\"og:title\" content=\"Der Verein - Kulturf\u00f6rderverein Zeiningen\" \/>\n<meta property=\"og:description\" content=\"F\u00f6rderung und Unterst\u00fctzung kultureller und gesellschaftlicher Projekte in Zeiningen.\" \/>\n<meta property=\"og:url\" content=\"https:\/\/kfv-zeiningen.ch\/?page_id=41\" \/>\n<meta property=\"og:site_name\" content=\"Kulturf\u00f6rderverein Zeiningen\" \/>\n<meta property=\"article:modified_time\" content=\"2024-04-23T20:27:46+00:00\" \/>\n<meta name=\"twitter:card\" content=\"summary_large_image\" \/>\n<script type=\"application\/ld+json\" class=\"yoast-schema-graph\">{\"@context\":\"https:\/\/schema.org\",\"@graph\":[{\"@type\":\"WebPage\",\"@id\":\"https:\/\/kfv-zeiningen.ch\/?page_id=41\",\"url\":\"https:\/\/kfv-zeiningen.ch\/?page_id=41\",\"name\":\"Der Verein - Kulturf\u00f6rderverein Zeiningen\",\"isPartOf\":{\"@id\":\"https:\/\/kfv-zeiningen.ch\/#website\"},\"datePublished\":\"2024-04-23T19:40:29+00:00\",\"dateModified\":\"2024-04-23T20:27:46+00:00\",\"breadcrumb\":{\"@id\":\"https:\/\/kfv-zeiningen.ch\/?page_id=41#breadcrumb\"},\"inLanguage\":\"de-CH\",\"potentialAction\":[{\"@type\":\"ReadAction\",\"target\":[\"https:\/\/kfv-zeiningen.ch\/?page_id=41\"]}]},{\"@type\":\"BreadcrumbList\",\"@id\":\"https:\/\/kfv-zeiningen.ch\/?page_id=41#breadcrumb\",\"itemListElement\":[{\"@type\":\"ListItem\",\"position\":1,\"name\":\"Startseite\",\"item\":\"https:\/\/kfv-zeiningen.ch\/\"},{\"@type\":\"ListItem\",\"position\":2,\"name\":\"Der Verein\"}]},{\"@type\":\"WebSite\",\"@id\":\"https:\/\/kfv-zeiningen.ch\/#website\",\"url\":\"https:\/\/kfv-zeiningen.ch\/\",\"name\":\"Kulturf\u00f6rderverein Zeiningen\",\"description\":\"\",\"publisher\":{\"@id\":\"https:\/\/kfv-zeiningen.ch\/#organization\"},\"potentialAction\":[{\"@type\":\"SearchAction\",\"target\":{\"@type\":\"EntryPoint\",\"urlTemplate\":\"https:\/\/kfv-zeiningen.ch\/?s={search_term_string}\"},\"query-input\":\"required name=search_term_string\"}],\"inLanguage\":\"de-CH\"},{\"@type\":\"Organization\",\"@id\":\"https:\/\/kfv-zeiningen.ch\/#organization\",\"name\":\"Kulturf\u00f6rderverein Zeiningen\",\"url\":\"https:\/\/kfv-zeiningen.ch\/\",\"logo\":{\"@type\":\"ImageObject\",\"inLanguage\":\"de-CH\",\"@id\":\"https:\/\/kfv-zeiningen.ch\/#\/schema\/logo\/image\/\",\"url\":\"https:\/\/kfv-zeiningen.ch\/wp-content\/uploads\/2024\/04\/cropped-cropped-Logo_Kulturfoerderverein-weiss-1.png\",\"contentUrl\":\"https:\/\/kfv-zeiningen.ch\/wp-content\/uploads\/2024\/04\/cropped-cropped-Logo_Kulturfoerderverein-weiss-1.png\",\"width\":364,\"height\":170,\"caption\":\"Kulturf\u00f6rderverein Zeiningen\"},\"image\":{\"@id\":\"https:\/\/kfv-zeiningen.ch\/#\/schema\/logo\/image\/\"}}]}<\/script>\n<!-- \/ Yoast SEO plugin. -->","yoast_head_json":{"title":"Der Verein - Kulturf\u00f6rderverein Zeiningen","robots":{"index":"index","follow":"follow","max-snippet":"max-snippet:-1","max-image-preview":"max-image-preview:large","max-video-preview":"max-video-preview:-1"},"canonical":"https:\/\/kfv-zeiningen.ch\/?page_id=41","og_locale":"de_DE","og_type":"article","og_title":"Der Verein - Kulturf\u00f6rderverein Zeiningen","og_description":"F\u00f6rderung und Unterst\u00fctzung kultureller und gesellschaftlicher Projekte in Zeiningen.","og_url":"https:\/\/kfv-zeiningen.ch\/?page_id=41","og_site_name":"Kulturf\u00f6rderverein Zeiningen","article_modified_time":"2024-04-23T20:27:46+00:00","twitter_card":"summary_large_image","schema":{"@context":"https:\/\/schema.org","@graph":[{"@type":"WebPage","@id":"https:\/\/kfv-zeiningen.ch\/?page_id=41","url":"https:\/\/kfv-zeiningen.ch\/?page_id=41","name":"Der Verein - Kulturf\u00f6rderverein Zeiningen","isPartOf":{"@id":"https:\/\/kfv-zeiningen.ch\/#website"},"datePublished":"2024-04-23T19:40:29+00:00","dateModified":"2024-04-23T20:27:46+00:00","breadcrumb":{"@id":"https:\/\/kfv-zeiningen.ch\/?page_id=41#breadcrumb"},"inLanguage":"de-CH","potentialAction":[{"@type":"ReadAction","target":["https:\/\/kfv-zeiningen.ch\/?page_id=41"]}]},{"@type":"BreadcrumbList","@id":"https:\/\/kfv-zeiningen.ch\/?page_id=41#breadcrumb","itemListElement":[{"@type":"ListItem","position":1,"name":"Startseite","item":"https:\/\/kfv-zeiningen.ch\/"},{"@type":"ListItem","position":2,"name":"Der Verein"}]},{"@type":"WebSite","@id":"https:\/\/kfv-zeiningen.ch\/#website","url":"https:\/\/kfv-zeiningen.ch\/","name":"Kulturf\u00f6rderverein Zeiningen","description":"","publisher":{"@id":"https:\/\/kfv-zeiningen.ch\/#organization"},"potentialAction":[{"@type":"SearchAction","target":{"@type":"EntryPoint","urlTemplate":"https:\/\/kfv-zeiningen.ch\/?s={search_term_string}"},"query-input":"required name=search_term_string"}],"inLanguage":"de-CH"},{"@type":"Organization","@id":"https:\/\/kfv-zeiningen.ch\/#organization","name":"Kulturf\u00f6rderverein Zeiningen","url":"https:\/\/kfv-zeiningen.ch\/","logo":{"@type":"ImageObject","inLanguage":"de-CH","@id":"https:\/\/kfv-zeiningen.ch\/#\/schema\/logo\/image\/","url":"https:\/\/kfv-zeiningen.ch\/wp-content\/uploads\/2024\/04\/cropped-cropped-Logo_Kulturfoerderverein-weiss-1.png","contentUrl":"https:\/\/kfv-zeiningen.ch\/wp-content\/uploads\/2024\/04\/cropped-cropped-Logo_Kulturfoerderverein-weiss-1.png","width":364,"height":170,"caption":"Kulturf\u00f6rderverein Zeiningen"},"image":{"@id":"https:\/\/kfv-zeiningen.ch\/#\/schema\/logo\/image\/"}}]}},"_links":{"self":[{"href":"https:\/\/kfv-zeiningen.ch\/index.php?rest_route=\/wp\/v2\/pages\/41","targetHints":{"allow":["GET"]}}],"collection":[{"href":"https:\/\/kfv-zeiningen.ch\/index.php?rest_route=\/wp\/v2\/pages"}],"about":[{"href":"https:\/\/kfv-zeiningen.ch\/index.php?rest_route=\/wp\/v2\/types\/page"}],"author":[{"embeddable":true,"href":"https:\/\/kfv-zeiningen.ch\/index.php?rest_route=\/wp\/v2\/users\/1"}],"replies":[{"embeddable":true,"href":"https:\/\/kfv-zeiningen.ch\/index.php?rest_route=%2Fwp%2Fv2%2Fcomments&post=41"}],"version-history":[{"count":2,"href":"https:\/\/kfv-zeiningen.ch\/index.php?rest_route=\/wp\/v2\/pages\/41\/revisions"}],"predecessor-version":[{"id":72,"href":"https:\/\/kfv-zeiningen.ch\/index.php?rest_route=\/wp\/v2\/pages\/41\/revisions\/72"}],"wp:attachment":[{"href":"https:\/\/kfv-zeiningen.ch\/index.php?rest_route=%2Fwp%2Fv2%2Fmedia&parent=41"}],"curies":[{"name":"wp","href":"https:\/\/api.w.org\/{rel}","templated":true}]}}