{"id":37,"date":"2024-04-23T19:37:34","date_gmt":"2024-04-23T19:37:34","guid":{"rendered":"https:\/\/kfv-zeiningen.ch.gracchus.sui-inter.net\/?page_id=37"},"modified":"2026-02-20T21:37:03","modified_gmt":"2026-02-20T21:37:03","slug":"mitglieder","status":"publish","type":"page","link":"https:\/\/kfv-zeiningen.ch\/?page_id=37","title":{"rendered":"Mitglieder"},"content":{"rendered":"\n<div class=\"wp-block-media-text is-stacked-on-mobile is-vertically-aligned-top\"><figure class=\"wp-block-media-text__media\"><img loading=\"lazy\" decoding=\"async\" width=\"576\" height=\"1024\" src=\"https:\/\/kfv-zeiningen.ch\/wp-content\/uploads\/2025\/04\/2025-KFV-Portrait-Ingo-576x1024.jpg\" alt=\"\" class=\"wp-image-135 size-full\" srcset=\"https:\/\/kfv-zeiningen.ch\/wp-content\/uploads\/2025\/04\/2025-KFV-Portrait-Ingo-576x1024.jpg 576w, https:\/\/kfv-zeiningen.ch\/wp-content\/uploads\/2025\/04\/2025-KFV-Portrait-Ingo-169x300.jpg 169w, https:\/\/kfv-zeiningen.ch\/wp-content\/uploads\/2025\/04\/2025-KFV-Portrait-Ingo-768x1365.jpg 768w, https:\/\/kfv-zeiningen.ch\/wp-content\/uploads\/2025\/04\/2025-KFV-Portrait-Ingo-864x1536.jpg 864w, https:\/\/kfv-zeiningen.ch\/wp-content\/uploads\/2025\/04\/2025-KFV-Portrait-Ingo.jpg 1125w\" sizes=\"auto, (max-width: 576px) 100vw, 576px\" \/><\/figure><div class=\"wp-block-media-text__content\">\n<p><strong>Ingo Odenthal<\/strong>&nbsp;(1979) &#8211; Pr\u00e4sident<\/p>\n\n\n\n<p>Geboren 1979 und aufgewachsen im Rheinland bei K\u00f6ln. Betriebswirt<\/p>\n\n\n\n<p>Seit 2012 wohnhaft in Zeiningen, verheiratet, einen schulpflichtigen Sohn<\/p>\n\n\n\n<p>Passivmitglied beim FC Zeiningen<\/p>\n\n\n\n<p>Sehr interessiert am zuk\u00fcnftigen Dorf- und Vereinsleben.<\/p>\n\n\n\n<p>Mitglied vom Kulturf\u00f6rderverein Zeiningen seit 2024.<\/p>\n<\/div><\/div>\n\n\n\n<hr class=\"wp-block-separator has-alpha-channel-opacity\"\/>\n\n\n\n<div class=\"wp-block-media-text is-stacked-on-mobile is-vertically-aligned-top\"><figure class=\"wp-block-media-text__media\"><img loading=\"lazy\" decoding=\"async\" width=\"576\" height=\"1024\" src=\"https:\/\/kfv-zeiningen.ch\/wp-content\/uploads\/2025\/04\/2025-KFV-Portrait-Reto-576x1024.jpg\" alt=\"\" class=\"wp-image-138 size-full\" srcset=\"https:\/\/kfv-zeiningen.ch\/wp-content\/uploads\/2025\/04\/2025-KFV-Portrait-Reto-576x1024.jpg 576w, https:\/\/kfv-zeiningen.ch\/wp-content\/uploads\/2025\/04\/2025-KFV-Portrait-Reto-169x300.jpg 169w, https:\/\/kfv-zeiningen.ch\/wp-content\/uploads\/2025\/04\/2025-KFV-Portrait-Reto-768x1365.jpg 768w, https:\/\/kfv-zeiningen.ch\/wp-content\/uploads\/2025\/04\/2025-KFV-Portrait-Reto-864x1536.jpg 864w, https:\/\/kfv-zeiningen.ch\/wp-content\/uploads\/2025\/04\/2025-KFV-Portrait-Reto.jpg 1125w\" sizes=\"auto, (max-width: 576px) 100vw, 576px\" \/><\/figure><div class=\"wp-block-media-text__content\">\n<p><strong>Reto Kuoni<\/strong>&nbsp;(1986) &#8211; Kassier<\/p>\n\n\n\n<p>Seit 1994 in Zeiningen wohnhaft, Leiter Finanzen und Immobilien in einem Fricktaler KMU.<\/p>\n\n\n\n<p>Mitglied des Turnvereins Zeiningen, OK-Mitglied des Netzwerkes f\u00fcr junge Unternehmer im Fricktal. Vielschichtige Erfahrung aufgrund diverser Vereins-, Vorstands- sowie OK-Aktivit\u00e4ten. Unter anderem Kassier Turnverein Zeiningen, <br>J + S Coach Turnverein Zeiningen, Mitarbeit beim Dorffest 2018 und diverser lokalen Anl\u00e4sse. Langj\u00e4hriger aktiver Sportler und F\u00f6rderer von Jugendarbeit.<\/p>\n\n\n\n<p>Mit-Initiant und Kassier beim Kulturf\u00f6rderverein Zeiningen seit 2018.<\/p>\n<\/div><\/div>\n\n\n\n<hr class=\"wp-block-separator has-alpha-channel-opacity\"\/>\n\n\n\n<div class=\"wp-block-group is-nowrap is-layout-flex wp-container-core-group-is-layout-ad2f72ca wp-block-group-is-layout-flex\">\n<div class=\"wp-block-media-text is-stacked-on-mobile is-vertically-aligned-top\"><figure class=\"wp-block-media-text__media\"><img loading=\"lazy\" decoding=\"async\" width=\"576\" height=\"1024\" src=\"https:\/\/kfv-zeiningen.ch\/wp-content\/uploads\/2025\/04\/2025-KFV-Portrait-Graf-2-576x1024.jpg\" alt=\"\" class=\"wp-image-137 size-full\" srcset=\"https:\/\/kfv-zeiningen.ch\/wp-content\/uploads\/2025\/04\/2025-KFV-Portrait-Graf-2-576x1024.jpg 576w, https:\/\/kfv-zeiningen.ch\/wp-content\/uploads\/2025\/04\/2025-KFV-Portrait-Graf-2-169x300.jpg 169w, https:\/\/kfv-zeiningen.ch\/wp-content\/uploads\/2025\/04\/2025-KFV-Portrait-Graf-2-768x1365.jpg 768w, https:\/\/kfv-zeiningen.ch\/wp-content\/uploads\/2025\/04\/2025-KFV-Portrait-Graf-2-864x1536.jpg 864w, https:\/\/kfv-zeiningen.ch\/wp-content\/uploads\/2025\/04\/2025-KFV-Portrait-Graf-2.jpg 1125w\" sizes=\"auto, (max-width: 576px) 100vw, 576px\" \/><\/figure><div class=\"wp-block-media-text__content\">\n<p><strong>Daniel Graf<\/strong>&nbsp;(1972)<\/p>\n\n\n\n<p>Aufgewachsen und wohnhaft in Zeiningen, selbst\u00e4ndiger Verk\u00e4ufer, Vater zweier schulpflichtiger Kinder.<\/p>\n\n\n\n<p>Mitglied der M\u00e4nnerriege Zeiningen, Pr\u00e4sident der Musikschulkommission und OK-Mitglied \u201eDorffest Zeiningen 2018\u201c (Ressort Sponsoring und Kommunikation). Vielschichtige Erfahrung aufgrund diverser Vereins-, Vorstands- sowie OK-Aktivit\u00e4ten. Unter anderem Pr\u00e4sident Turnverein Zeiningen, OK-Pr\u00e4sident NWS-Schwingfest M\u00f6hlin und diverser lokalen Anl\u00e4sse. <br>Langj\u00e4hriger aktiver Sportler und F\u00f6rderer von Jugendarbeit.<\/p>\n\n\n\n<p>Mit-Initiant und Pr\u00e4sident beim Kulturf\u00f6rderverein Zeiningen seit 2018.<\/p>\n<\/div><\/div>\n<\/div>\n\n\n\n<hr class=\"wp-block-separator has-alpha-channel-opacity\"\/>\n\n\n\n<div class=\"wp-block-media-text is-stacked-on-mobile is-vertically-aligned-top\"><figure class=\"wp-block-media-text__media\"><img loading=\"lazy\" decoding=\"async\" width=\"576\" height=\"1024\" src=\"https:\/\/kfv-zeiningen.ch\/wp-content\/uploads\/2025\/04\/2025-KFV-Portrait-Meini-576x1024.jpg\" alt=\"\" class=\"wp-image-132 size-full\" srcset=\"https:\/\/kfv-zeiningen.ch\/wp-content\/uploads\/2025\/04\/2025-KFV-Portrait-Meini-576x1024.jpg 576w, https:\/\/kfv-zeiningen.ch\/wp-content\/uploads\/2025\/04\/2025-KFV-Portrait-Meini-169x300.jpg 169w, https:\/\/kfv-zeiningen.ch\/wp-content\/uploads\/2025\/04\/2025-KFV-Portrait-Meini-768x1365.jpg 768w, https:\/\/kfv-zeiningen.ch\/wp-content\/uploads\/2025\/04\/2025-KFV-Portrait-Meini-864x1536.jpg 864w, https:\/\/kfv-zeiningen.ch\/wp-content\/uploads\/2025\/04\/2025-KFV-Portrait-Meini.jpg 1125w\" sizes=\"auto, (max-width: 576px) 100vw, 576px\" \/><\/figure><div class=\"wp-block-media-text__content\">\n<p><strong>Meinrad Schibli (1951<\/strong>)<\/p>\n\n\n\n<p>Geboren, Aufgewachsen und wohnhaft in Zeiningen, Rentner, Vater zweier erwachsener Kinder, Grossvater zweier Enkelkinder.<\/p>\n\n\n\n<p>Mitglied der M\u00e4nnerriege,- Pensioniertengruppenleiter. OK Pr\u00e4sident vom Dorffest Zeiningen 2018. Ehemaliger Pr\u00e4sident vom Turnverein, M\u00e4nnerriege, Frickt. Handballkommission. Seit 2011 im Vorstand der Fricktaler Turnveteranenvereinigung.<\/p>\n\n\n\n<p>Ehemaliges Kommissionsmitglied der Schulpflege, Neubau Schulhaus,- Turnhalle,- und Aussensportanlage.<\/p>\n\n\n\n<p>Sehr Interessiert am zuk\u00fcnftigen Zeininger Dorfleben.<\/p>\n\n\n\n<p>Mitglied vom Kulturf\u00f6rderverein Zeiningen seit 2019.<\/p>\n<\/div><\/div>\n\n\n\n<hr class=\"wp-block-separator has-alpha-channel-opacity\"\/>\n\n\n\n<div class=\"wp-block-media-text is-stacked-on-mobile is-vertically-aligned-top\"><figure class=\"wp-block-media-text__media\"><img loading=\"lazy\" decoding=\"async\" width=\"576\" height=\"1024\" src=\"https:\/\/kfv-zeiningen.ch\/wp-content\/uploads\/2025\/04\/2025-KFV-Portrait-Schibae-576x1024.jpg\" alt=\"\" class=\"wp-image-133 size-full\" srcset=\"https:\/\/kfv-zeiningen.ch\/wp-content\/uploads\/2025\/04\/2025-KFV-Portrait-Schibae-576x1024.jpg 576w, https:\/\/kfv-zeiningen.ch\/wp-content\/uploads\/2025\/04\/2025-KFV-Portrait-Schibae-169x300.jpg 169w, https:\/\/kfv-zeiningen.ch\/wp-content\/uploads\/2025\/04\/2025-KFV-Portrait-Schibae-768x1365.jpg 768w, https:\/\/kfv-zeiningen.ch\/wp-content\/uploads\/2025\/04\/2025-KFV-Portrait-Schibae-864x1536.jpg 864w, https:\/\/kfv-zeiningen.ch\/wp-content\/uploads\/2025\/04\/2025-KFV-Portrait-Schibae.jpg 1125w\" sizes=\"auto, (max-width: 576px) 100vw, 576px\" \/><\/figure><div class=\"wp-block-media-text__content\">\n<p><strong>\u00c4ndu Scheiben<\/strong>&nbsp;(1980)<\/p>\n\n\n\n<p>Seit 2018 in Zeiningen wohnhaft, Inhaber einer Social Media- und Marketingagentur. <\/p>\n\n\n\n<p>Langj\u00e4hriger, ehemaliger Profimusiker mit mehreren Hundert Konzerten Live-Erfahrung. Gr\u00fcndungsmitglied der Band &#171;aextra&#187;, aktuell Frontmann der Band &#171;Heimatliebi&#187; und der Funpunkband &#171;QL&#187;. <br>Moderator, Sprecher, Podcaster.<\/p>\n\n\n\n<p>Mitglied vom Kulturf\u00f6rderverein Zeiningen seit 2020.<\/p>\n<\/div><\/div>\n\n\n\n<hr class=\"wp-block-separator has-alpha-channel-opacity\"\/>\n\n\n\n<div class=\"wp-block-media-text is-stacked-on-mobile is-vertically-aligned-top\"><figure class=\"wp-block-media-text__media\"><img loading=\"lazy\" decoding=\"async\" width=\"576\" height=\"1024\" src=\"https:\/\/kfv-zeiningen.ch\/wp-content\/uploads\/2025\/04\/2025-KFV-Portrait-Rauschi-576x1024.jpg\" alt=\"\" class=\"wp-image-134 size-full\" srcset=\"https:\/\/kfv-zeiningen.ch\/wp-content\/uploads\/2025\/04\/2025-KFV-Portrait-Rauschi-576x1024.jpg 576w, https:\/\/kfv-zeiningen.ch\/wp-content\/uploads\/2025\/04\/2025-KFV-Portrait-Rauschi-169x300.jpg 169w, https:\/\/kfv-zeiningen.ch\/wp-content\/uploads\/2025\/04\/2025-KFV-Portrait-Rauschi-768x1365.jpg 768w, https:\/\/kfv-zeiningen.ch\/wp-content\/uploads\/2025\/04\/2025-KFV-Portrait-Rauschi-864x1536.jpg 864w, https:\/\/kfv-zeiningen.ch\/wp-content\/uploads\/2025\/04\/2025-KFV-Portrait-Rauschi.jpg 1125w\" sizes=\"auto, (max-width: 576px) 100vw, 576px\" \/><\/figure><div class=\"wp-block-media-text__content\">\n<p><strong>J\u00f6rg Rauschenbach<\/strong>&nbsp;(1980)<\/p>\n\n\n\n<p>Mitglied vom Kulturf\u00f6rderverein Zeiningen seit 2023.<\/p>\n<\/div><\/div>\n\n\n\n<hr class=\"wp-block-separator has-alpha-channel-opacity\"\/>\n","protected":false},"excerpt":{"rendered":"<p>Ingo Odenthal&nbsp;(1979) &#8211; Pr\u00e4sident Geboren 1979 und aufgewachsen im Rheinland bei K\u00f6ln. Betriebswirt Seit 2012 wohnhaft in Zeiningen, verheiratet, einen schulpflichtigen Sohn Passivmitglied beim FC Zeiningen Sehr interessiert am zuk\u00fcnftigen Dorf- und Vereinsleben. Mitglied vom Kulturf\u00f6rderverein Zeiningen seit 2024. Reto Kuoni&nbsp;(1986) &#8211; Kassier Seit 1994 in Zeiningen wohnhaft, Leiter Finanzen und Immobilien in einem Fricktaler KMU. Mitglied des Turnvereins Zeiningen, OK-Mitglied des Netzwerkes f\u00fcr junge Unternehmer im Fricktal. Vielschichtige Erfahrung aufgrund diverser Vereins-, Vorstands- sowie OK-Aktivit\u00e4ten. Unter anderem Kassier Turnverein Zeiningen, J + S Coach Turnverein Zeiningen, Mitarbeit beim Dorffest 2018 und diverser lokalen Anl\u00e4sse. Langj\u00e4hriger aktiver Sportler und F\u00f6rderer von Jugendarbeit. Mit-Initiant und Kassier beim Kulturf\u00f6rderverein Zeiningen seit 2018. Daniel Graf&nbsp;(1972) Aufgewachsen und wohnhaft in Zeiningen, selbst\u00e4ndiger Verk\u00e4ufer, Vater zweier schulpflichtiger Kinder. Mitglied der M\u00e4nnerriege Zeiningen, Pr\u00e4sident der Musikschulkommission und OK-Mitglied \u201eDorffest Zeiningen 2018\u201c (Ressort Sponsoring und Kommunikation). Vielschichtige Erfahrung aufgrund diverser Vereins-, Vorstands- sowie OK-Aktivit\u00e4ten. Unter anderem Pr\u00e4sident Turnverein Zeiningen, OK-Pr\u00e4sident NWS-Schwingfest M\u00f6hlin und diverser lokalen Anl\u00e4sse. Langj\u00e4hriger aktiver Sportler und F\u00f6rderer von Jugendarbeit. Mit-Initiant und Pr\u00e4sident beim Kulturf\u00f6rderverein Zeiningen seit 2018. Meinrad Schibli (1951) Geboren, Aufgewachsen und wohnhaft in Zeiningen, Rentner, Vater zweier erwachsener Kinder, Grossvater zweier Enkelkinder. Mitglied der M\u00e4nnerriege,- Pensioniertengruppenleiter. OK Pr\u00e4sident vom Dorffest Zeiningen 2018. Ehemaliger Pr\u00e4sident vom Turnverein, M\u00e4nnerriege, Frickt. Handballkommission. Seit 2011 im Vorstand der Fricktaler Turnveteranenvereinigung. Ehemaliges Kommissionsmitglied der Schulpflege, Neubau Schulhaus,- Turnhalle,- und Aussensportanlage. Sehr Interessiert am zuk\u00fcnftigen Zeininger Dorfleben. Mitglied vom Kulturf\u00f6rderverein Zeiningen seit 2019. \u00c4ndu Scheiben&nbsp;(1980) Seit 2018 in Zeiningen wohnhaft, Inhaber einer Social Media- und Marketingagentur. Langj\u00e4hriger, ehemaliger Profimusiker mit mehreren Hundert Konzerten Live-Erfahrung. Gr\u00fcndungsmitglied der Band &#171;aextra&#187;, aktuell Frontmann der Band &#171;Heimatliebi&#187; und der Funpunkband &#171;QL&#187;. Moderator, Sprecher, Podcaster. Mitglied vom Kulturf\u00f6rderverein Zeiningen seit 2020. J\u00f6rg Rauschenbach&nbsp;(1980) Mitglied vom Kulturf\u00f6rderverein Zeiningen seit 2023.<\/p>\n","protected":false},"author":1,"featured_media":0,"parent":0,"menu_order":0,"comment_status":"closed","ping_status":"closed","template":"","meta":{"footnotes":""},"class_list":["post-37","page","type-page","status-publish","hentry"],"yoast_head":"<!-- This site is optimized with the Yoast SEO plugin v22.5 - https:\/\/yoast.com\/wordpress\/plugins\/seo\/ -->\n<title>Mitglieder - Kulturf\u00f6rderverein Zeiningen<\/title>\n<meta name=\"robots\" content=\"index, follow, max-snippet:-1, max-image-preview:large, max-video-preview:-1\" \/>\n<link rel=\"canonical\" href=\"https:\/\/kfv-zeiningen.ch\/?page_id=37\" \/>\n<meta property=\"og:locale\" content=\"de_DE\" \/>\n<meta property=\"og:type\" content=\"article\" \/>\n<meta property=\"og:title\" content=\"Mitglieder - Kulturf\u00f6rderverein Zeiningen\" \/>\n<meta property=\"og:description\" content=\"Ingo Odenthal&nbsp;(1979) &#8211; Pr\u00e4sident Geboren 1979 und aufgewachsen im Rheinland bei K\u00f6ln. Betriebswirt Seit 2012 wohnhaft in Zeiningen, verheiratet, einen schulpflichtigen Sohn Passivmitglied beim FC Zeiningen Sehr interessiert am zuk\u00fcnftigen Dorf- und Vereinsleben. Mitglied vom Kulturf\u00f6rderverein Zeiningen seit 2024. Reto Kuoni&nbsp;(1986) &#8211; Kassier Seit 1994 in Zeiningen wohnhaft, Leiter Finanzen und Immobilien in einem Fricktaler KMU. Mitglied des Turnvereins Zeiningen, OK-Mitglied des Netzwerkes f\u00fcr junge Unternehmer im Fricktal. Vielschichtige Erfahrung aufgrund diverser Vereins-, Vorstands- sowie OK-Aktivit\u00e4ten. Unter anderem Kassier Turnverein Zeiningen, J + S Coach Turnverein Zeiningen, Mitarbeit beim Dorffest 2018 und diverser lokalen Anl\u00e4sse. Langj\u00e4hriger aktiver Sportler und F\u00f6rderer von Jugendarbeit. Mit-Initiant und Kassier beim Kulturf\u00f6rderverein Zeiningen seit 2018. Daniel Graf&nbsp;(1972) Aufgewachsen und wohnhaft in Zeiningen, selbst\u00e4ndiger Verk\u00e4ufer, Vater zweier schulpflichtiger Kinder. Mitglied der M\u00e4nnerriege Zeiningen, Pr\u00e4sident der Musikschulkommission und OK-Mitglied \u201eDorffest Zeiningen 2018\u201c (Ressort Sponsoring und Kommunikation). Vielschichtige Erfahrung aufgrund diverser Vereins-, Vorstands- sowie OK-Aktivit\u00e4ten. Unter anderem Pr\u00e4sident Turnverein Zeiningen, OK-Pr\u00e4sident NWS-Schwingfest M\u00f6hlin und diverser lokalen Anl\u00e4sse. Langj\u00e4hriger aktiver Sportler und F\u00f6rderer von Jugendarbeit. Mit-Initiant und Pr\u00e4sident beim Kulturf\u00f6rderverein Zeiningen seit 2018. Meinrad Schibli (1951) Geboren, Aufgewachsen und wohnhaft in Zeiningen, Rentner, Vater zweier erwachsener Kinder, Grossvater zweier Enkelkinder. Mitglied der M\u00e4nnerriege,- Pensioniertengruppenleiter. OK Pr\u00e4sident vom Dorffest Zeiningen 2018. Ehemaliger Pr\u00e4sident vom Turnverein, M\u00e4nnerriege, Frickt. Handballkommission. Seit 2011 im Vorstand der Fricktaler Turnveteranenvereinigung. Ehemaliges Kommissionsmitglied der Schulpflege, Neubau Schulhaus,- Turnhalle,- und Aussensportanlage. Sehr Interessiert am zuk\u00fcnftigen Zeininger Dorfleben. Mitglied vom Kulturf\u00f6rderverein Zeiningen seit 2019. \u00c4ndu Scheiben&nbsp;(1980) Seit 2018 in Zeiningen wohnhaft, Inhaber einer Social Media- und Marketingagentur. Langj\u00e4hriger, ehemaliger Profimusiker mit mehreren Hundert Konzerten Live-Erfahrung. Gr\u00fcndungsmitglied der Band &#171;aextra&#187;, aktuell Frontmann der Band &#171;Heimatliebi&#187; und der Funpunkband &#171;QL&#187;. Moderator, Sprecher, Podcaster. Mitglied vom Kulturf\u00f6rderverein Zeiningen seit 2020. J\u00f6rg Rauschenbach&nbsp;(1980) Mitglied vom Kulturf\u00f6rderverein Zeiningen seit 2023.\" \/>\n<meta property=\"og:url\" content=\"https:\/\/kfv-zeiningen.ch\/?page_id=37\" \/>\n<meta property=\"og:site_name\" content=\"Kulturf\u00f6rderverein Zeiningen\" \/>\n<meta property=\"article:modified_time\" content=\"2026-02-20T21:37:03+00:00\" \/>\n<meta property=\"og:image\" content=\"https:\/\/kfv-zeiningen.ch\/wp-content\/uploads\/2025\/04\/2025-KFV-Portrait-Ingo-576x1024.jpg\" \/>\n<meta name=\"twitter:card\" content=\"summary_large_image\" \/>\n<meta name=\"twitter:label1\" content=\"Gesch\u00e4tzte Lesezeit\" \/>\n\t<meta name=\"twitter:data1\" content=\"3\u00a0Minuten\" \/>\n<script type=\"application\/ld+json\" class=\"yoast-schema-graph\">{\"@context\":\"https:\/\/schema.org\",\"@graph\":[{\"@type\":\"WebPage\",\"@id\":\"https:\/\/kfv-zeiningen.ch\/?page_id=37\",\"url\":\"https:\/\/kfv-zeiningen.ch\/?page_id=37\",\"name\":\"Mitglieder - Kulturf\u00f6rderverein Zeiningen\",\"isPartOf\":{\"@id\":\"https:\/\/kfv-zeiningen.ch\/#website\"},\"primaryImageOfPage\":{\"@id\":\"https:\/\/kfv-zeiningen.ch\/?page_id=37#primaryimage\"},\"image\":{\"@id\":\"https:\/\/kfv-zeiningen.ch\/?page_id=37#primaryimage\"},\"thumbnailUrl\":\"https:\/\/kfv-zeiningen.ch\/wp-content\/uploads\/2025\/04\/2025-KFV-Portrait-Ingo-576x1024.jpg\",\"datePublished\":\"2024-04-23T19:37:34+00:00\",\"dateModified\":\"2026-02-20T21:37:03+00:00\",\"breadcrumb\":{\"@id\":\"https:\/\/kfv-zeiningen.ch\/?page_id=37#breadcrumb\"},\"inLanguage\":\"de-CH\",\"potentialAction\":[{\"@type\":\"ReadAction\",\"target\":[\"https:\/\/kfv-zeiningen.ch\/?page_id=37\"]}]},{\"@type\":\"ImageObject\",\"inLanguage\":\"de-CH\",\"@id\":\"https:\/\/kfv-zeiningen.ch\/?page_id=37#primaryimage\",\"url\":\"https:\/\/kfv-zeiningen.ch\/wp-content\/uploads\/2025\/04\/2025-KFV-Portrait-Ingo.jpg\",\"contentUrl\":\"https:\/\/kfv-zeiningen.ch\/wp-content\/uploads\/2025\/04\/2025-KFV-Portrait-Ingo.jpg\",\"width\":1125,\"height\":2000},{\"@type\":\"BreadcrumbList\",\"@id\":\"https:\/\/kfv-zeiningen.ch\/?page_id=37#breadcrumb\",\"itemListElement\":[{\"@type\":\"ListItem\",\"position\":1,\"name\":\"Startseite\",\"item\":\"https:\/\/kfv-zeiningen.ch\/\"},{\"@type\":\"ListItem\",\"position\":2,\"name\":\"Mitglieder\"}]},{\"@type\":\"WebSite\",\"@id\":\"https:\/\/kfv-zeiningen.ch\/#website\",\"url\":\"https:\/\/kfv-zeiningen.ch\/\",\"name\":\"Kulturf\u00f6rderverein Zeiningen\",\"description\":\"\",\"publisher\":{\"@id\":\"https:\/\/kfv-zeiningen.ch\/#organization\"},\"potentialAction\":[{\"@type\":\"SearchAction\",\"target\":{\"@type\":\"EntryPoint\",\"urlTemplate\":\"https:\/\/kfv-zeiningen.ch\/?s={search_term_string}\"},\"query-input\":\"required name=search_term_string\"}],\"inLanguage\":\"de-CH\"},{\"@type\":\"Organization\",\"@id\":\"https:\/\/kfv-zeiningen.ch\/#organization\",\"name\":\"Kulturf\u00f6rderverein Zeiningen\",\"url\":\"https:\/\/kfv-zeiningen.ch\/\",\"logo\":{\"@type\":\"ImageObject\",\"inLanguage\":\"de-CH\",\"@id\":\"https:\/\/kfv-zeiningen.ch\/#\/schema\/logo\/image\/\",\"url\":\"https:\/\/kfv-zeiningen.ch\/wp-content\/uploads\/2024\/04\/cropped-cropped-Logo_Kulturfoerderverein-weiss-1.png\",\"contentUrl\":\"https:\/\/kfv-zeiningen.ch\/wp-content\/uploads\/2024\/04\/cropped-cropped-Logo_Kulturfoerderverein-weiss-1.png\",\"width\":364,\"height\":170,\"caption\":\"Kulturf\u00f6rderverein Zeiningen\"},\"image\":{\"@id\":\"https:\/\/kfv-zeiningen.ch\/#\/schema\/logo\/image\/\"}}]}<\/script>\n<!-- \/ Yoast SEO plugin. -->","yoast_head_json":{"title":"Mitglieder - Kulturf\u00f6rderverein Zeiningen","robots":{"index":"index","follow":"follow","max-snippet":"max-snippet:-1","max-image-preview":"max-image-preview:large","max-video-preview":"max-video-preview:-1"},"canonical":"https:\/\/kfv-zeiningen.ch\/?page_id=37","og_locale":"de_DE","og_type":"article","og_title":"Mitglieder - Kulturf\u00f6rderverein Zeiningen","og_description":"Ingo Odenthal&nbsp;(1979) &#8211; Pr\u00e4sident Geboren 1979 und aufgewachsen im Rheinland bei K\u00f6ln. Betriebswirt Seit 2012 wohnhaft in Zeiningen, verheiratet, einen schulpflichtigen Sohn Passivmitglied beim FC Zeiningen Sehr interessiert am zuk\u00fcnftigen Dorf- und Vereinsleben. Mitglied vom Kulturf\u00f6rderverein Zeiningen seit 2024. Reto Kuoni&nbsp;(1986) &#8211; Kassier Seit 1994 in Zeiningen wohnhaft, Leiter Finanzen und Immobilien in einem Fricktaler KMU. Mitglied des Turnvereins Zeiningen, OK-Mitglied des Netzwerkes f\u00fcr junge Unternehmer im Fricktal. Vielschichtige Erfahrung aufgrund diverser Vereins-, Vorstands- sowie OK-Aktivit\u00e4ten. Unter anderem Kassier Turnverein Zeiningen, J + S Coach Turnverein Zeiningen, Mitarbeit beim Dorffest 2018 und diverser lokalen Anl\u00e4sse. Langj\u00e4hriger aktiver Sportler und F\u00f6rderer von Jugendarbeit. Mit-Initiant und Kassier beim Kulturf\u00f6rderverein Zeiningen seit 2018. Daniel Graf&nbsp;(1972) Aufgewachsen und wohnhaft in Zeiningen, selbst\u00e4ndiger Verk\u00e4ufer, Vater zweier schulpflichtiger Kinder. Mitglied der M\u00e4nnerriege Zeiningen, Pr\u00e4sident der Musikschulkommission und OK-Mitglied \u201eDorffest Zeiningen 2018\u201c (Ressort Sponsoring und Kommunikation). Vielschichtige Erfahrung aufgrund diverser Vereins-, Vorstands- sowie OK-Aktivit\u00e4ten. Unter anderem Pr\u00e4sident Turnverein Zeiningen, OK-Pr\u00e4sident NWS-Schwingfest M\u00f6hlin und diverser lokalen Anl\u00e4sse. Langj\u00e4hriger aktiver Sportler und F\u00f6rderer von Jugendarbeit. Mit-Initiant und Pr\u00e4sident beim Kulturf\u00f6rderverein Zeiningen seit 2018. Meinrad Schibli (1951) Geboren, Aufgewachsen und wohnhaft in Zeiningen, Rentner, Vater zweier erwachsener Kinder, Grossvater zweier Enkelkinder. Mitglied der M\u00e4nnerriege,- Pensioniertengruppenleiter. OK Pr\u00e4sident vom Dorffest Zeiningen 2018. Ehemaliger Pr\u00e4sident vom Turnverein, M\u00e4nnerriege, Frickt. Handballkommission. Seit 2011 im Vorstand der Fricktaler Turnveteranenvereinigung. Ehemaliges Kommissionsmitglied der Schulpflege, Neubau Schulhaus,- Turnhalle,- und Aussensportanlage. Sehr Interessiert am zuk\u00fcnftigen Zeininger Dorfleben. Mitglied vom Kulturf\u00f6rderverein Zeiningen seit 2019. \u00c4ndu Scheiben&nbsp;(1980) Seit 2018 in Zeiningen wohnhaft, Inhaber einer Social Media- und Marketingagentur. Langj\u00e4hriger, ehemaliger Profimusiker mit mehreren Hundert Konzerten Live-Erfahrung. Gr\u00fcndungsmitglied der Band &#171;aextra&#187;, aktuell Frontmann der Band &#171;Heimatliebi&#187; und der Funpunkband &#171;QL&#187;. Moderator, Sprecher, Podcaster. Mitglied vom Kulturf\u00f6rderverein Zeiningen seit 2020. J\u00f6rg Rauschenbach&nbsp;(1980) Mitglied vom Kulturf\u00f6rderverein Zeiningen seit 2023.","og_url":"https:\/\/kfv-zeiningen.ch\/?page_id=37","og_site_name":"Kulturf\u00f6rderverein Zeiningen","article_modified_time":"2026-02-20T21:37:03+00:00","og_image":[{"url":"https:\/\/kfv-zeiningen.ch\/wp-content\/uploads\/2025\/04\/2025-KFV-Portrait-Ingo-576x1024.jpg"}],"twitter_card":"summary_large_image","twitter_misc":{"Gesch\u00e4tzte Lesezeit":"3\u00a0Minuten"},"schema":{"@context":"https:\/\/schema.org","@graph":[{"@type":"WebPage","@id":"https:\/\/kfv-zeiningen.ch\/?page_id=37","url":"https:\/\/kfv-zeiningen.ch\/?page_id=37","name":"Mitglieder - Kulturf\u00f6rderverein Zeiningen","isPartOf":{"@id":"https:\/\/kfv-zeiningen.ch\/#website"},"primaryImageOfPage":{"@id":"https:\/\/kfv-zeiningen.ch\/?page_id=37#primaryimage"},"image":{"@id":"https:\/\/kfv-zeiningen.ch\/?page_id=37#primaryimage"},"thumbnailUrl":"https:\/\/kfv-zeiningen.ch\/wp-content\/uploads\/2025\/04\/2025-KFV-Portrait-Ingo-576x1024.jpg","datePublished":"2024-04-23T19:37:34+00:00","dateModified":"2026-02-20T21:37:03+00:00","breadcrumb":{"@id":"https:\/\/kfv-zeiningen.ch\/?page_id=37#breadcrumb"},"inLanguage":"de-CH","potentialAction":[{"@type":"ReadAction","target":["https:\/\/kfv-zeiningen.ch\/?page_id=37"]}]},{"@type":"ImageObject","inLanguage":"de-CH","@id":"https:\/\/kfv-zeiningen.ch\/?page_id=37#primaryimage","url":"https:\/\/kfv-zeiningen.ch\/wp-content\/uploads\/2025\/04\/2025-KFV-Portrait-Ingo.jpg","contentUrl":"https:\/\/kfv-zeiningen.ch\/wp-content\/uploads\/2025\/04\/2025-KFV-Portrait-Ingo.jpg","width":1125,"height":2000},{"@type":"BreadcrumbList","@id":"https:\/\/kfv-zeiningen.ch\/?page_id=37#breadcrumb","itemListElement":[{"@type":"ListItem","position":1,"name":"Startseite","item":"https:\/\/kfv-zeiningen.ch\/"},{"@type":"ListItem","position":2,"name":"Mitglieder"}]},{"@type":"WebSite","@id":"https:\/\/kfv-zeiningen.ch\/#website","url":"https:\/\/kfv-zeiningen.ch\/","name":"Kulturf\u00f6rderverein Zeiningen","description":"","publisher":{"@id":"https:\/\/kfv-zeiningen.ch\/#organization"},"potentialAction":[{"@type":"SearchAction","target":{"@type":"EntryPoint","urlTemplate":"https:\/\/kfv-zeiningen.ch\/?s={search_term_string}"},"query-input":"required name=search_term_string"}],"inLanguage":"de-CH"},{"@type":"Organization","@id":"https:\/\/kfv-zeiningen.ch\/#organization","name":"Kulturf\u00f6rderverein Zeiningen","url":"https:\/\/kfv-zeiningen.ch\/","logo":{"@type":"ImageObject","inLanguage":"de-CH","@id":"https:\/\/kfv-zeiningen.ch\/#\/schema\/logo\/image\/","url":"https:\/\/kfv-zeiningen.ch\/wp-content\/uploads\/2024\/04\/cropped-cropped-Logo_Kulturfoerderverein-weiss-1.png","contentUrl":"https:\/\/kfv-zeiningen.ch\/wp-content\/uploads\/2024\/04\/cropped-cropped-Logo_Kulturfoerderverein-weiss-1.png","width":364,"height":170,"caption":"Kulturf\u00f6rderverein Zeiningen"},"image":{"@id":"https:\/\/kfv-zeiningen.ch\/#\/schema\/logo\/image\/"}}]}},"_links":{"self":[{"href":"https:\/\/kfv-zeiningen.ch\/index.php?rest_route=\/wp\/v2\/pages\/37","targetHints":{"allow":["GET"]}}],"collection":[{"href":"https:\/\/kfv-zeiningen.ch\/index.php?rest_route=\/wp\/v2\/pages"}],"about":[{"href":"https:\/\/kfv-zeiningen.ch\/index.php?rest_route=\/wp\/v2\/types\/page"}],"author":[{"embeddable":true,"href":"https:\/\/kfv-zeiningen.ch\/index.php?rest_route=\/wp\/v2\/users\/1"}],"replies":[{"embeddable":true,"href":"https:\/\/kfv-zeiningen.ch\/index.php?rest_route=%2Fwp%2Fv2%2Fcomments&post=37"}],"version-history":[{"count":20,"href":"https:\/\/kfv-zeiningen.ch\/index.php?rest_route=\/wp\/v2\/pages\/37\/revisions"}],"predecessor-version":[{"id":163,"href":"https:\/\/kfv-zeiningen.ch\/index.php?rest_route=\/wp\/v2\/pages\/37\/revisions\/163"}],"wp:attachment":[{"href":"https:\/\/kfv-zeiningen.ch\/index.php?rest_route=%2Fwp%2Fv2%2Fmedia&parent=37"}],"curies":[{"name":"wp","href":"https:\/\/api.w.org\/{rel}","templated":true}]}}