{"id":2,"date":"2024-04-22T11:57:25","date_gmt":"2024-04-22T11:57:25","guid":{"rendered":"https:\/\/kfv-zeiningen.ch\/?page_id=2"},"modified":"2024-04-23T21:05:40","modified_gmt":"2024-04-23T21:05:40","slug":"sample-page","status":"publish","type":"page","link":"https:\/\/kfv-zeiningen.ch\/?page_id=2","title":{"rendered":"Unterst\u00fctzer"},"content":{"rendered":"\n<p>Wir bedanken uns ganz herzlich bei all jenen, die uns finanziell oder ideell unterst\u00fctzen! Auf Grund der Wahrung der individuellen Anonymit\u00e4t verzichten wir auf namentliche Auflistungen.<\/p>\n\n\n\n<p>Wenn Sie auch einen Beitrag leisten wollen oder eine gute Idee f\u00fcr Zeiningen haben, so melden Sie sich bitte bei uns.<\/p>\n\n\n\n<p>Unser Bankkonto f\u00fcr Ihre Zuwendung<\/p>\n\n\n\n<p>CH78 8074 8000 0097 5631 1 \/ PC 50-10014-3 \/ Clearing 80748<\/p>\n\n\n\n<p>Raiffeisenbank Wegenstettertal | Haldengasse 1 | 4314 Zeiningen<\/p>\n\n\n\n<figure class=\"wp-block-image size-large\"><img loading=\"lazy\" decoding=\"async\" width=\"1024\" height=\"467\" src=\"https:\/\/kfv-zeiningen.ch.gracchus.sui-inter.net\/wp-content\/uploads\/2024\/04\/Grau-TWINT_Individueller-Betrag_DE-1024x467.png\" alt=\"\" class=\"wp-image-76\" srcset=\"https:\/\/kfv-zeiningen.ch\/wp-content\/uploads\/2024\/04\/Grau-TWINT_Individueller-Betrag_DE-1024x467.png 1024w, https:\/\/kfv-zeiningen.ch\/wp-content\/uploads\/2024\/04\/Grau-TWINT_Individueller-Betrag_DE-300x137.png 300w, https:\/\/kfv-zeiningen.ch\/wp-content\/uploads\/2024\/04\/Grau-TWINT_Individueller-Betrag_DE-768x350.png 768w, https:\/\/kfv-zeiningen.ch\/wp-content\/uploads\/2024\/04\/Grau-TWINT_Individueller-Betrag_DE.png 1087w\" sizes=\"auto, (max-width: 1024px) 100vw, 1024px\" \/><\/figure>\n","protected":false},"excerpt":{"rendered":"<p>Wir bedanken uns ganz herzlich bei all jenen, die uns finanziell oder ideell unterst\u00fctzen! Auf Grund der Wahrung der individuellen Anonymit\u00e4t verzichten wir auf namentliche Auflistungen. Wenn Sie auch einen Beitrag leisten wollen oder eine gute Idee f\u00fcr Zeiningen haben, so melden Sie sich bitte bei uns. Unser Bankkonto f\u00fcr Ihre Zuwendung CH78 8074 8000 0097 5631 1 \/ PC 50-10014-3 \/ Clearing 80748 Raiffeisenbank Wegenstettertal | Haldengasse 1 | 4314 Zeiningen<\/p>\n","protected":false},"author":1,"featured_media":0,"parent":0,"menu_order":0,"comment_status":"closed","ping_status":"closed","template":"","meta":{"footnotes":""},"class_list":["post-2","page","type-page","status-publish","hentry"],"yoast_head":"<!-- This site is optimized with the Yoast SEO plugin v22.5 - https:\/\/yoast.com\/wordpress\/plugins\/seo\/ -->\n<title>Unterst\u00fctzer - Kulturf\u00f6rderverein Zeiningen<\/title>\n<meta name=\"robots\" content=\"index, follow, max-snippet:-1, max-image-preview:large, max-video-preview:-1\" \/>\n<link rel=\"canonical\" href=\"https:\/\/kfv-zeiningen.ch\/?page_id=2\" \/>\n<meta property=\"og:locale\" content=\"de_DE\" \/>\n<meta property=\"og:type\" content=\"article\" \/>\n<meta property=\"og:title\" content=\"Unterst\u00fctzer - Kulturf\u00f6rderverein Zeiningen\" \/>\n<meta property=\"og:description\" content=\"Wir bedanken uns ganz herzlich bei all jenen, die uns finanziell oder ideell unterst\u00fctzen! Auf Grund der Wahrung der individuellen Anonymit\u00e4t verzichten wir auf namentliche Auflistungen. Wenn Sie auch einen Beitrag leisten wollen oder eine gute Idee f\u00fcr Zeiningen haben, so melden Sie sich bitte bei uns. Unser Bankkonto f\u00fcr Ihre Zuwendung CH78 8074 8000 0097 5631 1 \/ PC 50-10014-3 \/ Clearing 80748 Raiffeisenbank Wegenstettertal | Haldengasse 1 | 4314 Zeiningen\" \/>\n<meta property=\"og:url\" content=\"https:\/\/kfv-zeiningen.ch\/?page_id=2\" \/>\n<meta property=\"og:site_name\" content=\"Kulturf\u00f6rderverein Zeiningen\" \/>\n<meta property=\"article:modified_time\" content=\"2024-04-23T21:05:40+00:00\" \/>\n<meta property=\"og:image\" content=\"https:\/\/kfv-zeiningen.ch.gracchus.sui-inter.net\/wp-content\/uploads\/2024\/04\/Grau-TWINT_Individueller-Betrag_DE-1024x467.png\" \/>\n<meta name=\"twitter:card\" content=\"summary_large_image\" \/>\n<script type=\"application\/ld+json\" class=\"yoast-schema-graph\">{\"@context\":\"https:\/\/schema.org\",\"@graph\":[{\"@type\":\"WebPage\",\"@id\":\"https:\/\/kfv-zeiningen.ch\/?page_id=2\",\"url\":\"https:\/\/kfv-zeiningen.ch\/?page_id=2\",\"name\":\"Unterst\u00fctzer - Kulturf\u00f6rderverein Zeiningen\",\"isPartOf\":{\"@id\":\"https:\/\/kfv-zeiningen.ch\/#website\"},\"primaryImageOfPage\":{\"@id\":\"https:\/\/kfv-zeiningen.ch\/?page_id=2#primaryimage\"},\"image\":{\"@id\":\"https:\/\/kfv-zeiningen.ch\/?page_id=2#primaryimage\"},\"thumbnailUrl\":\"https:\/\/kfv-zeiningen.ch.gracchus.sui-inter.net\/wp-content\/uploads\/2024\/04\/Grau-TWINT_Individueller-Betrag_DE-1024x467.png\",\"datePublished\":\"2024-04-22T11:57:25+00:00\",\"dateModified\":\"2024-04-23T21:05:40+00:00\",\"breadcrumb\":{\"@id\":\"https:\/\/kfv-zeiningen.ch\/?page_id=2#breadcrumb\"},\"inLanguage\":\"de-CH\",\"potentialAction\":[{\"@type\":\"ReadAction\",\"target\":[\"https:\/\/kfv-zeiningen.ch\/?page_id=2\"]}]},{\"@type\":\"ImageObject\",\"inLanguage\":\"de-CH\",\"@id\":\"https:\/\/kfv-zeiningen.ch\/?page_id=2#primaryimage\",\"url\":\"https:\/\/kfv-zeiningen.ch.gracchus.sui-inter.net\/wp-content\/uploads\/2024\/04\/Grau-TWINT_Individueller-Betrag_DE-1024x467.png\",\"contentUrl\":\"https:\/\/kfv-zeiningen.ch.gracchus.sui-inter.net\/wp-content\/uploads\/2024\/04\/Grau-TWINT_Individueller-Betrag_DE-1024x467.png\"},{\"@type\":\"BreadcrumbList\",\"@id\":\"https:\/\/kfv-zeiningen.ch\/?page_id=2#breadcrumb\",\"itemListElement\":[{\"@type\":\"ListItem\",\"position\":1,\"name\":\"Startseite\",\"item\":\"https:\/\/kfv-zeiningen.ch\/\"},{\"@type\":\"ListItem\",\"position\":2,\"name\":\"Unterst\u00fctzer\"}]},{\"@type\":\"WebSite\",\"@id\":\"https:\/\/kfv-zeiningen.ch\/#website\",\"url\":\"https:\/\/kfv-zeiningen.ch\/\",\"name\":\"Kulturf\u00f6rderverein Zeiningen\",\"description\":\"\",\"publisher\":{\"@id\":\"https:\/\/kfv-zeiningen.ch\/#organization\"},\"potentialAction\":[{\"@type\":\"SearchAction\",\"target\":{\"@type\":\"EntryPoint\",\"urlTemplate\":\"https:\/\/kfv-zeiningen.ch\/?s={search_term_string}\"},\"query-input\":\"required name=search_term_string\"}],\"inLanguage\":\"de-CH\"},{\"@type\":\"Organization\",\"@id\":\"https:\/\/kfv-zeiningen.ch\/#organization\",\"name\":\"Kulturf\u00f6rderverein Zeiningen\",\"url\":\"https:\/\/kfv-zeiningen.ch\/\",\"logo\":{\"@type\":\"ImageObject\",\"inLanguage\":\"de-CH\",\"@id\":\"https:\/\/kfv-zeiningen.ch\/#\/schema\/logo\/image\/\",\"url\":\"https:\/\/kfv-zeiningen.ch\/wp-content\/uploads\/2024\/04\/cropped-cropped-Logo_Kulturfoerderverein-weiss-1.png\",\"contentUrl\":\"https:\/\/kfv-zeiningen.ch\/wp-content\/uploads\/2024\/04\/cropped-cropped-Logo_Kulturfoerderverein-weiss-1.png\",\"width\":364,\"height\":170,\"caption\":\"Kulturf\u00f6rderverein Zeiningen\"},\"image\":{\"@id\":\"https:\/\/kfv-zeiningen.ch\/#\/schema\/logo\/image\/\"}}]}<\/script>\n<!-- \/ Yoast SEO plugin. -->","yoast_head_json":{"title":"Unterst\u00fctzer - Kulturf\u00f6rderverein Zeiningen","robots":{"index":"index","follow":"follow","max-snippet":"max-snippet:-1","max-image-preview":"max-image-preview:large","max-video-preview":"max-video-preview:-1"},"canonical":"https:\/\/kfv-zeiningen.ch\/?page_id=2","og_locale":"de_DE","og_type":"article","og_title":"Unterst\u00fctzer - Kulturf\u00f6rderverein Zeiningen","og_description":"Wir bedanken uns ganz herzlich bei all jenen, die uns finanziell oder ideell unterst\u00fctzen! Auf Grund der Wahrung der individuellen Anonymit\u00e4t verzichten wir auf namentliche Auflistungen. Wenn Sie auch einen Beitrag leisten wollen oder eine gute Idee f\u00fcr Zeiningen haben, so melden Sie sich bitte bei uns. Unser Bankkonto f\u00fcr Ihre Zuwendung CH78 8074 8000 0097 5631 1 \/ PC 50-10014-3 \/ Clearing 80748 Raiffeisenbank Wegenstettertal | Haldengasse 1 | 4314 Zeiningen","og_url":"https:\/\/kfv-zeiningen.ch\/?page_id=2","og_site_name":"Kulturf\u00f6rderverein Zeiningen","article_modified_time":"2024-04-23T21:05:40+00:00","og_image":[{"url":"https:\/\/kfv-zeiningen.ch.gracchus.sui-inter.net\/wp-content\/uploads\/2024\/04\/Grau-TWINT_Individueller-Betrag_DE-1024x467.png"}],"twitter_card":"summary_large_image","schema":{"@context":"https:\/\/schema.org","@graph":[{"@type":"WebPage","@id":"https:\/\/kfv-zeiningen.ch\/?page_id=2","url":"https:\/\/kfv-zeiningen.ch\/?page_id=2","name":"Unterst\u00fctzer - Kulturf\u00f6rderverein Zeiningen","isPartOf":{"@id":"https:\/\/kfv-zeiningen.ch\/#website"},"primaryImageOfPage":{"@id":"https:\/\/kfv-zeiningen.ch\/?page_id=2#primaryimage"},"image":{"@id":"https:\/\/kfv-zeiningen.ch\/?page_id=2#primaryimage"},"thumbnailUrl":"https:\/\/kfv-zeiningen.ch.gracchus.sui-inter.net\/wp-content\/uploads\/2024\/04\/Grau-TWINT_Individueller-Betrag_DE-1024x467.png","datePublished":"2024-04-22T11:57:25+00:00","dateModified":"2024-04-23T21:05:40+00:00","breadcrumb":{"@id":"https:\/\/kfv-zeiningen.ch\/?page_id=2#breadcrumb"},"inLanguage":"de-CH","potentialAction":[{"@type":"ReadAction","target":["https:\/\/kfv-zeiningen.ch\/?page_id=2"]}]},{"@type":"ImageObject","inLanguage":"de-CH","@id":"https:\/\/kfv-zeiningen.ch\/?page_id=2#primaryimage","url":"https:\/\/kfv-zeiningen.ch.gracchus.sui-inter.net\/wp-content\/uploads\/2024\/04\/Grau-TWINT_Individueller-Betrag_DE-1024x467.png","contentUrl":"https:\/\/kfv-zeiningen.ch.gracchus.sui-inter.net\/wp-content\/uploads\/2024\/04\/Grau-TWINT_Individueller-Betrag_DE-1024x467.png"},{"@type":"BreadcrumbList","@id":"https:\/\/kfv-zeiningen.ch\/?page_id=2#breadcrumb","itemListElement":[{"@type":"ListItem","position":1,"name":"Startseite","item":"https:\/\/kfv-zeiningen.ch\/"},{"@type":"ListItem","position":2,"name":"Unterst\u00fctzer"}]},{"@type":"WebSite","@id":"https:\/\/kfv-zeiningen.ch\/#website","url":"https:\/\/kfv-zeiningen.ch\/","name":"Kulturf\u00f6rderverein Zeiningen","description":"","publisher":{"@id":"https:\/\/kfv-zeiningen.ch\/#organization"},"potentialAction":[{"@type":"SearchAction","target":{"@type":"EntryPoint","urlTemplate":"https:\/\/kfv-zeiningen.ch\/?s={search_term_string}"},"query-input":"required name=search_term_string"}],"inLanguage":"de-CH"},{"@type":"Organization","@id":"https:\/\/kfv-zeiningen.ch\/#organization","name":"Kulturf\u00f6rderverein Zeiningen","url":"https:\/\/kfv-zeiningen.ch\/","logo":{"@type":"ImageObject","inLanguage":"de-CH","@id":"https:\/\/kfv-zeiningen.ch\/#\/schema\/logo\/image\/","url":"https:\/\/kfv-zeiningen.ch\/wp-content\/uploads\/2024\/04\/cropped-cropped-Logo_Kulturfoerderverein-weiss-1.png","contentUrl":"https:\/\/kfv-zeiningen.ch\/wp-content\/uploads\/2024\/04\/cropped-cropped-Logo_Kulturfoerderverein-weiss-1.png","width":364,"height":170,"caption":"Kulturf\u00f6rderverein Zeiningen"},"image":{"@id":"https:\/\/kfv-zeiningen.ch\/#\/schema\/logo\/image\/"}}]}},"_links":{"self":[{"href":"https:\/\/kfv-zeiningen.ch\/index.php?rest_route=\/wp\/v2\/pages\/2","targetHints":{"allow":["GET"]}}],"collection":[{"href":"https:\/\/kfv-zeiningen.ch\/index.php?rest_route=\/wp\/v2\/pages"}],"about":[{"href":"https:\/\/kfv-zeiningen.ch\/index.php?rest_route=\/wp\/v2\/types\/page"}],"author":[{"embeddable":true,"href":"https:\/\/kfv-zeiningen.ch\/index.php?rest_route=\/wp\/v2\/users\/1"}],"replies":[{"embeddable":true,"href":"https:\/\/kfv-zeiningen.ch\/index.php?rest_route=%2Fwp%2Fv2%2Fcomments&post=2"}],"version-history":[{"count":3,"href":"https:\/\/kfv-zeiningen.ch\/index.php?rest_route=\/wp\/v2\/pages\/2\/revisions"}],"predecessor-version":[{"id":87,"href":"https:\/\/kfv-zeiningen.ch\/index.php?rest_route=\/wp\/v2\/pages\/2\/revisions\/87"}],"wp:attachment":[{"href":"https:\/\/kfv-zeiningen.ch\/index.php?rest_route=%2Fwp%2Fv2%2Fmedia&parent=2"}],"curies":[{"name":"wp","href":"https:\/\/api.w.org\/{rel}","templated":true}]}}